{"id":27235,"date":"2025-04-30T10:09:11","date_gmt":"2025-04-30T10:09:11","guid":{"rendered":"https:\/\/justshotshop.com\/?post_type=product&#038;p=27235"},"modified":"2026-03-31T12:25:47","modified_gmt":"2026-03-31T12:25:47","slug":"anna-f-decollete-black-anthracite-leather-craquele-38-5","status":"publish","type":"product","link":"https:\/\/justshotshop.com\/en\/prodotto\/anna-f-decollete-nero-antracite-pelle-craquele-38-5\/","title":{"rendered":"<span class=\"titolo-prodotto-archivio\">ANNA F. - D\u00e9collet\u00e9 Black Anthracite Craquel\u00e9 Leather Heel 9<\/span><div class=\"wrapper-quadratini-archivio\"><span class=\"quadratino-taglia\">EU 38.5<\/span><\/div>"},"content":{"rendered":"<h3 data-path-to-node=\"6\"><b data-path-to-node=\"6\" data-index-in-node=\"0\">Anna F. D\u00e9collet\u00e9: Refinement and Stability<\/b><\/h3>\n<p data-path-to-node=\"7\">These <b data-path-to-node=\"7\" data-index-in-node=\"7\">pumps by Anna F.<\/b> represent the perfect balance between sophisticated style and everyday comfort. Made of precious <b data-path-to-node=\"7\" data-index-in-node=\"136\">leather with craquel\u00e9 finish<\/b>, They have a unique mottled and shiny effect that gives anthracite grey highlights to the glossy black base.<\/p>\n<p data-path-to-node=\"8\">The classic design with a slightly rounded tip is enhanced by a <b data-path-to-node=\"8\" data-index-in-node=\"72\">9 cm high and wide heel (block heel)<\/b>, entirely lined in the same material as the upper for a uniform look and superior stability. The <b data-path-to-node=\"8\" data-index-in-node=\"222\">leather sole<\/b> testifies to the craftsmanship typical of the brand.<\/p>\n<p data-path-to-node=\"9\"><b data-path-to-node=\"9\" data-index-in-node=\"0\">Technical Details and Measurements<\/b>:<\/p>\n<ul data-path-to-node=\"10\">\n<li>\n<p data-path-to-node=\"10,0,0\"><b data-path-to-node=\"10,0,0\" data-index-in-node=\"0\">Brand<\/b>Anna F..<\/p>\n<\/li>\n<li>\n<p data-path-to-node=\"10,1,0\"><b data-path-to-node=\"10,1,0\" data-index-in-node=\"0\">Material<\/b>: Cracked leather upper, leather sole.<\/p>\n<\/li>\n<li>\n<p data-path-to-node=\"10,2,0\"><b data-path-to-node=\"10,2,0\" data-index-in-node=\"0\">Colour<\/b>: Black with anthracite grey highlights, glossy effect.<\/p>\n<\/li>\n<li>\n<p data-path-to-node=\"10,3,0\"><b data-path-to-node=\"10,3,0\" data-index-in-node=\"0\">Heel height<\/b>9 cm (block heel).<\/p>\n<\/li>\n<li>\n<p data-path-to-node=\"10,4,0\"><b data-path-to-node=\"10,4,0\" data-index-in-node=\"0\">Size available<\/b>EU 38.5.<\/p>\n<\/li>\n<\/ul>\n<p class=\"\" data-start=\"614\" data-end=\"708\">","protected":false},"excerpt":{"rendered":"<div class=\"elementor-element elementor-element-82da676 elementor-widget elementor-widget-woocommerce-product-short-description\" data-id=\"82da676\" data-element_type=\"widget\" data-widget_type=\"woocommerce-product-short-description.default\">\n<div class=\"elementor-widget-container\">\n<div class=\"woocommerce-product-details__short-description\">\n<p><b data-path-to-node=\"13\" data-index-in-node=\"0\">Anna F. d\u00e9collet\u00e9 in black leather<\/b> with a special craquel\u00e9 finish and anthracite highlights. Model with rounded toe and <b data-path-to-node=\"13\" data-index-in-node=\"120\">9 cm wide heel<\/b> for optimal comfort. Leather sole and polished finish. <b data-path-to-node=\"13\" data-index-in-node=\"199\">Size 38.5<\/b>.<\/p>\n<\/div>\n<\/div>\n<\/div>","protected":false},"featured_media":27174,"template":"","meta":[],"product_brand":[5527],"product_cat":[1116,105],"product_tag":[7784,8075,7834,8069,7854,7811,8059,7808],"woo-feed-brand":[5528],"class_list":{"0":"post-27235","1":"product","2":"type-product","3":"status-publish","4":"has-post-thumbnail","6":"product_brand-anna-f","7":"product_cat-sandali-decollete","8":"product_cat-calzature","9":"product_tag-elegante","10":"product_tag-everyday-elegance","11":"product_tag-made-in-italy","12":"product_tag-nude-look","13":"product_tag-primavera-estate","14":"product_tag-tacco-alto","15":"product_tag-total-black","16":"product_tag-vera-pelle","17":"pa_brand-anna-f","18":"pa_categoria-scarpe-e-stivali","19":"pa_colore-grigio","20":"pa_colore-nero","21":"pa_genere-donna","22":"pa_materiale-pelle","23":"pa_stagione-autunno-inverno","24":"pa_stagione-primavera-estate","25":"pa_taglia-eu-38-5","26":"pa_tipologia-scarpa-decollete","27":"pa_tipologia-tacco-tacchi-medi","28":"woo-feed-brand-anna-f","30":"first","31":"instock","32":"sale","33":"taxable","34":"shipping-taxable","35":"purchasable","36":"product-type-simple"},"_links":{"self":[{"href":"https:\/\/justshotshop.com\/en\/wp-json\/wp\/v2\/product\/27235","targetHints":{"allow":["GET"]}}],"collection":[{"href":"https:\/\/justshotshop.com\/en\/wp-json\/wp\/v2\/product"}],"about":[{"href":"https:\/\/justshotshop.com\/en\/wp-json\/wp\/v2\/types\/product"}],"version-history":[{"count":4,"href":"https:\/\/justshotshop.com\/en\/wp-json\/wp\/v2\/product\/27235\/revisions"}],"predecessor-version":[{"id":39619,"href":"https:\/\/justshotshop.com\/en\/wp-json\/wp\/v2\/product\/27235\/revisions\/39619"}],"wp:featuredmedia":[{"embeddable":true,"href":"https:\/\/justshotshop.com\/en\/wp-json\/wp\/v2\/media\/27174"}],"wp:attachment":[{"href":"https:\/\/justshotshop.com\/en\/wp-json\/wp\/v2\/media?parent=27235"}],"wp:term":[{"taxonomy":"product_brand","embeddable":true,"href":"https:\/\/justshotshop.com\/en\/wp-json\/wp\/v2\/product_brand?post=27235"},{"taxonomy":"product_cat","embeddable":true,"href":"https:\/\/justshotshop.com\/en\/wp-json\/wp\/v2\/product_cat?post=27235"},{"taxonomy":"product_tag","embeddable":true,"href":"https:\/\/justshotshop.com\/en\/wp-json\/wp\/v2\/product_tag?post=27235"},{"taxonomy":"woo-feed-brand","embeddable":true,"href":"https:\/\/justshotshop.com\/en\/wp-json\/wp\/v2\/woo-feed-brand?post=27235"}],"curies":[{"name":"wp","href":"https:\/\/api.w.org\/{rel}","templated":true}]}}