{"id":39498,"date":"2026-03-23T14:13:02","date_gmt":"2026-03-23T14:13:02","guid":{"rendered":"https:\/\/justshotshop.com\/?post_type=product&#038;p=39498"},"modified":"2026-04-05T15:54:04","modified_gmt":"2026-04-05T15:54:04","slug":"costume-golden-lady-bikini-triangolo-bianco-optic","status":"publish","type":"product","link":"https:\/\/justshotshop.com\/en\/prodotto\/costume-golden-lady-bikini-triangolo-bianco-optic\/","title":{"rendered":"<span class=\"titolo-prodotto-archivio\">GOLDEN LADY - White Triangle Bikini with Embroidery<\/span><div class=\"wrapper-quadratini-archivio\"><span class=\"quadratino-taglia\">XS<\/span><span class=\"quadratino-taglia\">S<\/span><\/div>"},"content":{"rendered":"<p data-path-to-node=\"9\">The bikini <b data-path-to-node=\"9\" data-index-in-node=\"10\">Golden Lady<\/b> with embroidery is the ideal beachwear set for those seeking simplicity with a touch of hand-crafted elegance. The particularity of this model lies in the embroidered insert that decorates both the triangle and the edge of the brief, creating a very feminine play on transparency and texture.<\/p>\n<p data-path-to-node=\"10\">The drawstring fastening at the neck and back allows you to adapt the support to your needs, while the brief with side ties allows you to adjust the height at the hips. The balanced composition of Polyamide and Elastane guarantees an impeccable fit and excellent resistance to chlorine and saltiness.<\/p>\n<h4 data-path-to-node=\"11\">Main features:<\/h4>\n<ul data-path-to-node=\"12,5,1\">\n<li>\n<p data-path-to-node=\"12,0,0\"><b data-path-to-node=\"12,0,0\" data-index-in-node=\"0\">Brand:<\/b> Golden Lady<\/p>\n<\/li>\n<li>\n<p data-path-to-node=\"12,1,0\"><b data-path-to-node=\"12,1,0\" data-index-in-node=\"0\">Model:<\/b> Triangle bikini with openwork embroidery<\/p>\n<\/li>\n<li>\n<p data-path-to-node=\"12,2,0\"><b data-path-to-node=\"12,2,0\" data-index-in-node=\"0\">Support:<\/b> Underwired, adjustable with laces<\/p>\n<\/li>\n<li>\n<p data-path-to-node=\"12,3,0\"><b data-path-to-node=\"12,3,0\" data-index-in-node=\"0\">Details:<\/b> Side ties on briefs, matching floral embroidery<\/p>\n<\/li>\n<li>\n<p data-path-to-node=\"12,4,0\"><b data-path-to-node=\"12,4,0\" data-index-in-node=\"0\">Composition:<\/b> 82% Polyamide, 18% Elastane<\/p>\n<\/li>\n<\/ul>","protected":false},"excerpt":{"rendered":"<div class=\"padding-top padding-bottom font-bold\">Bikini due pezzi dal design romantico e curato. Il top a triangolo \u00e8 impreziosito da un delicato ricamo ton-sur-ton sulle coppe, mentre lo slip coordinato presenta lacci laterali regolabili per un fit perfetto. Realizzato in tessuto tecnico elasticizzato, \u00e8 disponibile in quattro varianti colore vibranti per illuminare la tua estate. Qualit\u00e0 e vestibilit\u00e0 garantite dal gruppo <strong>Goldenpoint<\/strong>.<\/div>","protected":false},"featured_media":39508,"template":"","meta":[],"product_brand":[4706],"product_cat":[323],"product_tag":[7812,8076,7854,8068],"woo-feed-brand":[],"class_list":{"0":"post-39498","1":"product","2":"type-product","3":"status-publish","4":"has-post-thumbnail","6":"product_brand-golden-lady","7":"product_cat-costumi-mare","8":"product_tag-beachwear","9":"product_tag-essential-summer","10":"product_tag-primavera-estate","11":"product_tag-total-white","12":"pa_brand-golden-lady","13":"pa_categoria-costumi","14":"pa_colore-bianco","15":"pa_taglia-s","16":"pa_taglia-xs","18":"first","19":"instock","20":"taxable","21":"shipping-taxable","22":"purchasable","23":"product-type-variable"},"_links":{"self":[{"href":"https:\/\/justshotshop.com\/en\/wp-json\/wp\/v2\/product\/39498","targetHints":{"allow":["GET"]}}],"collection":[{"href":"https:\/\/justshotshop.com\/en\/wp-json\/wp\/v2\/product"}],"about":[{"href":"https:\/\/justshotshop.com\/en\/wp-json\/wp\/v2\/types\/product"}],"version-history":[{"count":2,"href":"https:\/\/justshotshop.com\/en\/wp-json\/wp\/v2\/product\/39498\/revisions"}],"predecessor-version":[{"id":39584,"href":"https:\/\/justshotshop.com\/en\/wp-json\/wp\/v2\/product\/39498\/revisions\/39584"}],"wp:featuredmedia":[{"embeddable":true,"href":"https:\/\/justshotshop.com\/en\/wp-json\/wp\/v2\/media\/39508"}],"wp:attachment":[{"href":"https:\/\/justshotshop.com\/en\/wp-json\/wp\/v2\/media?parent=39498"}],"wp:term":[{"taxonomy":"product_brand","embeddable":true,"href":"https:\/\/justshotshop.com\/en\/wp-json\/wp\/v2\/product_brand?post=39498"},{"taxonomy":"product_cat","embeddable":true,"href":"https:\/\/justshotshop.com\/en\/wp-json\/wp\/v2\/product_cat?post=39498"},{"taxonomy":"product_tag","embeddable":true,"href":"https:\/\/justshotshop.com\/en\/wp-json\/wp\/v2\/product_tag?post=39498"},{"taxonomy":"woo-feed-brand","embeddable":true,"href":"https:\/\/justshotshop.com\/en\/wp-json\/wp\/v2\/woo-feed-brand?post=39498"}],"curies":[{"name":"wp","href":"https:\/\/api.w.org\/{rel}","templated":true}]}}